{"id":2,"date":"2016-05-10T03:48:21","date_gmt":"2016-05-10T03:48:21","guid":{"rendered":"http:\/\/coburg-geschichte.de\/?page_id=2"},"modified":"2020-07-22T15:27:34","modified_gmt":"2020-07-22T15:27:34","slug":"sample-page","status":"publish","type":"page","link":"http:\/\/coburg-geschichte.de\/","title":{"rendered":"WILLKOMMEN BEI BAUSACO"},"content":{"rendered":"\n<p class=\"has-text-align-center\">QUALIT\u00c4SSICHERUNG BAU<\/p>\n\n\n\n<div class=\"wp-block-group\"><div class=\"wp-block-group__inner-container is-layout-flow wp-block-group-is-layout-flow\">\n<p>Mein Hauptt\u00e4tigkeitsfeld als Bausachverst\u00e4ndiger liegt in der baubegleitenden Qualit\u00e4tssicherung Ihres Neubauvorhabens und bei der Begutachtung von gebrauchten Immobilien.<\/p>\n<blockquote>\n<p>Bei wesentlichen Bauphasen ist es f\u00fcr Sie als Nichtfachmann notwendig, einen Sachverst\u00e4ndigen hinzuzuziehen, um wesentliche Sch\u00e4den an Ihrem Geb\u00e4ude zu vermeiden oder verringern zu k\u00f6nnen.<\/p>\n<\/blockquote>\n<p>&#8230;hier kann ich Sie unterst\u00fctzen:<\/p>\n<blockquote>\n<p>In der Regel besteht eine solche Qualit\u00e4tssicherung aus 5 Begehungen w\u00e4hrend der wesentlichen Bauphasen. Aber auch weitere Begehungen k\u00f6nnen individuell vereinbart werden.<\/p>\n<\/blockquote>\n<p>Das kostet wieder &#8211; werden Sie denken! &#8222;JA&#8220; &#8211;\u00a0 Eine baubegleitende 5-Punkte-Qualit\u00e4tssicherung kostet zwischen 1,5\u00a0 bis 3 % Ihrer gesch\u00e4tzten Baukosten des Geb\u00e4udes, abh\u00e4ngig vom Ausf\u00fchrungsstandard. Beispiel Baukosten f\u00fcr das Geb\u00e4ude (ohne Grundst\u00fcck und Nebenkosten) 220.000,- \u20ac x 2 % = 4.400,- \u20ac Sachverst\u00e4ndigen &#8211; Kosten. Aber: Beispielsweise kostet eine mangelhafte Kellerabdichtung laut Statistik 60.000,- \u20ac im Mittel an Instandsetzungskosten. Folgesch\u00e4den sind hier nicht ber\u00fccksichtigt. Das l\u00e4sst sich vermeiden!<\/p>\n<p>__________________________________________________<\/p>\n<p>Ob Wohnung, Ein-, Zwei- oder Mehrfamilienhaus. Sie als K\u00e4ufer sollten einen tieferen Einblick in die Qualit\u00e4t Ihrer neuen Immobilie werfen. Hier unterst\u00fctze ich Sie und zeige Ihnen offensichtliche M\u00e4ngel auf und gebe Ihnen Modernisierungs- und Instandsetzungshinweise.<\/p>\n<p>__________________________________________________<\/p>\n<p>! Z\u00f6gern Sie nicht und holen Sie sich ein Individuelles Angebot ein !<\/p>\n<\/div><\/div>\n","protected":false},"excerpt":{"rendered":"<p>QUALIT\u00c4SSICHERUNG BAU Mein Hauptt\u00e4tigkeitsfeld als Bausachverst\u00e4ndiger liegt in der baubegleitenden Qualit\u00e4tssicherung Ihres Neubauvorhabens und bei der Begutachtung von gebrauchten Immobilien. &hellip; <\/p>\n","protected":false},"author":1,"featured_media":63,"parent":0,"menu_order":0,"comment_status":"closed","ping_status":"open","template":"","meta":{"footnotes":""},"yoast_head":"<!-- This site is optimized with the Yoast SEO plugin v21.5 - https:\/\/yoast.com\/wordpress\/plugins\/seo\/ -->\n<title>WILLKOMMEN BEI BAUSACO - BAUSACO<\/title>\n<meta name=\"description\" content=\"Qualit\u00e4tssicherung auf Baustellen und Hauskauf. Als Sachverst\u00e4ndiger bekleide ich Sie bei Ihrem Bauvorhaben in den wichtigsten Bauphasen oder Hauskauf.\" \/>\n<meta name=\"robots\" content=\"index, follow, max-snippet:-1, max-image-preview:large, max-video-preview:-1\" \/>\n<link rel=\"canonical\" href=\"http:\/\/coburg-geschichte.de\/\" \/>\n<meta property=\"og:locale\" content=\"de_DE\" \/>\n<meta property=\"og:type\" content=\"article\" \/>\n<meta property=\"og:title\" content=\"WILLKOMMEN BEI BAUSACO - BAUSACO\" \/>\n<meta property=\"og:description\" content=\"Qualit\u00e4tssicherung auf Baustellen und Hauskauf. Als Sachverst\u00e4ndiger bekleide ich Sie bei Ihrem Bauvorhaben in den wichtigsten Bauphasen oder Hauskauf.\" \/>\n<meta property=\"og:url\" content=\"http:\/\/coburg-geschichte.de\/\" \/>\n<meta property=\"og:site_name\" content=\"BAUSACO\" \/>\n<meta property=\"article:publisher\" content=\"https:\/\/www.facebook.com\/Bausaco-1564285717235199\/\" \/>\n<meta property=\"article:modified_time\" content=\"2020-07-22T15:27:34+00:00\" \/>\n<meta property=\"og:image\" content=\"http:\/\/coburg-geschichte.de\/wp-content\/uploads\/2020\/04\/Logo_4_klein-scaled-e1588184329231.jpg\" \/>\n\t<meta property=\"og:image:width\" content=\"1800\" \/>\n\t<meta property=\"og:image:height\" content=\"1275\" \/>\n\t<meta property=\"og:image:type\" content=\"image\/jpeg\" \/>\n<meta name=\"twitter:card\" content=\"summary_large_image\" \/>\n<meta name=\"twitter:label1\" content=\"Gesch\u00e4tzte Lesezeit\" \/>\n\t<meta name=\"twitter:data1\" content=\"1\u00a0Minute\" \/>\n<script type=\"application\/ld+json\" class=\"yoast-schema-graph\">{\"@context\":\"https:\/\/schema.org\",\"@graph\":[{\"@type\":\"WebPage\",\"@id\":\"http:\/\/coburg-geschichte.de\/\",\"url\":\"http:\/\/coburg-geschichte.de\/\",\"name\":\"WILLKOMMEN BEI BAUSACO - BAUSACO\",\"isPartOf\":{\"@id\":\"http:\/\/coburg-geschichte.de\/#website\"},\"datePublished\":\"2016-05-10T03:48:21+00:00\",\"dateModified\":\"2020-07-22T15:27:34+00:00\",\"description\":\"Qualit\u00e4tssicherung auf Baustellen und Hauskauf. Als Sachverst\u00e4ndiger bekleide ich Sie bei Ihrem Bauvorhaben in den wichtigsten Bauphasen oder Hauskauf.\",\"breadcrumb\":{\"@id\":\"http:\/\/coburg-geschichte.de\/#breadcrumb\"},\"inLanguage\":\"de\",\"potentialAction\":[{\"@type\":\"ReadAction\",\"target\":[\"http:\/\/coburg-geschichte.de\/\"]}]},{\"@type\":\"BreadcrumbList\",\"@id\":\"http:\/\/coburg-geschichte.de\/#breadcrumb\",\"itemListElement\":[{\"@type\":\"ListItem\",\"position\":1,\"name\":\"Startseite\",\"item\":\"http:\/\/coburg-geschichte.de\/\"},{\"@type\":\"ListItem\",\"position\":2,\"name\":\"WILLKOMMEN BEI BAUSACO\"}]},{\"@type\":\"WebSite\",\"@id\":\"http:\/\/coburg-geschichte.de\/#website\",\"url\":\"http:\/\/coburg-geschichte.de\/\",\"name\":\"BAUSACO\",\"description\":\"Qualit\u00e4tssicherung Bau\",\"publisher\":{\"@id\":\"http:\/\/coburg-geschichte.de\/#organization\"},\"potentialAction\":[{\"@type\":\"SearchAction\",\"target\":{\"@type\":\"EntryPoint\",\"urlTemplate\":\"http:\/\/coburg-geschichte.de\/?s={search_term_string}\"},\"query-input\":\"required name=search_term_string\"}],\"inLanguage\":\"de\"},{\"@type\":\"Organization\",\"@id\":\"http:\/\/coburg-geschichte.de\/#organization\",\"name\":\"BAUSACO\",\"url\":\"http:\/\/coburg-geschichte.de\/\",\"logo\":{\"@type\":\"ImageObject\",\"inLanguage\":\"de\",\"@id\":\"http:\/\/coburg-geschichte.de\/#\/schema\/logo\/image\/\",\"url\":\"https:\/\/i0.wp.com\/coburg-geschichte.de\/wp-content\/uploads\/2020\/04\/cropped-cropped-Visi_1-150x150-1-3.jpg?fit=150%2C150\",\"contentUrl\":\"https:\/\/i0.wp.com\/coburg-geschichte.de\/wp-content\/uploads\/2020\/04\/cropped-cropped-Visi_1-150x150-1-3.jpg?fit=150%2C150\",\"width\":150,\"height\":150,\"caption\":\"BAUSACO\"},\"image\":{\"@id\":\"http:\/\/coburg-geschichte.de\/#\/schema\/logo\/image\/\"},\"sameAs\":[\"https:\/\/www.facebook.com\/Bausaco-1564285717235199\/\"]}]}<\/script>\n<!-- \/ Yoast SEO plugin. -->","yoast_head_json":{"title":"WILLKOMMEN BEI BAUSACO - BAUSACO","description":"Qualit\u00e4tssicherung auf Baustellen und Hauskauf. Als Sachverst\u00e4ndiger bekleide ich Sie bei Ihrem Bauvorhaben in den wichtigsten Bauphasen oder Hauskauf.","robots":{"index":"index","follow":"follow","max-snippet":"max-snippet:-1","max-image-preview":"max-image-preview:large","max-video-preview":"max-video-preview:-1"},"canonical":"http:\/\/coburg-geschichte.de\/","og_locale":"de_DE","og_type":"article","og_title":"WILLKOMMEN BEI BAUSACO - BAUSACO","og_description":"Qualit\u00e4tssicherung auf Baustellen und Hauskauf. Als Sachverst\u00e4ndiger bekleide ich Sie bei Ihrem Bauvorhaben in den wichtigsten Bauphasen oder Hauskauf.","og_url":"http:\/\/coburg-geschichte.de\/","og_site_name":"BAUSACO","article_publisher":"https:\/\/www.facebook.com\/Bausaco-1564285717235199\/","article_modified_time":"2020-07-22T15:27:34+00:00","og_image":[{"width":1800,"height":1275,"url":"http:\/\/coburg-geschichte.de\/wp-content\/uploads\/2020\/04\/Logo_4_klein-scaled-e1588184329231.jpg","type":"image\/jpeg"}],"twitter_card":"summary_large_image","twitter_misc":{"Gesch\u00e4tzte Lesezeit":"1\u00a0Minute"},"schema":{"@context":"https:\/\/schema.org","@graph":[{"@type":"WebPage","@id":"http:\/\/coburg-geschichte.de\/","url":"http:\/\/coburg-geschichte.de\/","name":"WILLKOMMEN BEI BAUSACO - BAUSACO","isPartOf":{"@id":"http:\/\/coburg-geschichte.de\/#website"},"datePublished":"2016-05-10T03:48:21+00:00","dateModified":"2020-07-22T15:27:34+00:00","description":"Qualit\u00e4tssicherung auf Baustellen und Hauskauf. Als Sachverst\u00e4ndiger bekleide ich Sie bei Ihrem Bauvorhaben in den wichtigsten Bauphasen oder Hauskauf.","breadcrumb":{"@id":"http:\/\/coburg-geschichte.de\/#breadcrumb"},"inLanguage":"de","potentialAction":[{"@type":"ReadAction","target":["http:\/\/coburg-geschichte.de\/"]}]},{"@type":"BreadcrumbList","@id":"http:\/\/coburg-geschichte.de\/#breadcrumb","itemListElement":[{"@type":"ListItem","position":1,"name":"Startseite","item":"http:\/\/coburg-geschichte.de\/"},{"@type":"ListItem","position":2,"name":"WILLKOMMEN BEI BAUSACO"}]},{"@type":"WebSite","@id":"http:\/\/coburg-geschichte.de\/#website","url":"http:\/\/coburg-geschichte.de\/","name":"BAUSACO","description":"Qualit\u00e4tssicherung Bau","publisher":{"@id":"http:\/\/coburg-geschichte.de\/#organization"},"potentialAction":[{"@type":"SearchAction","target":{"@type":"EntryPoint","urlTemplate":"http:\/\/coburg-geschichte.de\/?s={search_term_string}"},"query-input":"required name=search_term_string"}],"inLanguage":"de"},{"@type":"Organization","@id":"http:\/\/coburg-geschichte.de\/#organization","name":"BAUSACO","url":"http:\/\/coburg-geschichte.de\/","logo":{"@type":"ImageObject","inLanguage":"de","@id":"http:\/\/coburg-geschichte.de\/#\/schema\/logo\/image\/","url":"https:\/\/i0.wp.com\/coburg-geschichte.de\/wp-content\/uploads\/2020\/04\/cropped-cropped-Visi_1-150x150-1-3.jpg?fit=150%2C150","contentUrl":"https:\/\/i0.wp.com\/coburg-geschichte.de\/wp-content\/uploads\/2020\/04\/cropped-cropped-Visi_1-150x150-1-3.jpg?fit=150%2C150","width":150,"height":150,"caption":"BAUSACO"},"image":{"@id":"http:\/\/coburg-geschichte.de\/#\/schema\/logo\/image\/"},"sameAs":["https:\/\/www.facebook.com\/Bausaco-1564285717235199\/"]}]}},"jetpack_sharing_enabled":true,"_links":{"self":[{"href":"http:\/\/coburg-geschichte.de\/index.php?rest_route=\/wp\/v2\/pages\/2"}],"collection":[{"href":"http:\/\/coburg-geschichte.de\/index.php?rest_route=\/wp\/v2\/pages"}],"about":[{"href":"http:\/\/coburg-geschichte.de\/index.php?rest_route=\/wp\/v2\/types\/page"}],"author":[{"embeddable":true,"href":"http:\/\/coburg-geschichte.de\/index.php?rest_route=\/wp\/v2\/users\/1"}],"replies":[{"embeddable":true,"href":"http:\/\/coburg-geschichte.de\/index.php?rest_route=%2Fwp%2Fv2%2Fcomments&post=2"}],"version-history":[{"count":9,"href":"http:\/\/coburg-geschichte.de\/index.php?rest_route=\/wp\/v2\/pages\/2\/revisions"}],"predecessor-version":[{"id":90,"href":"http:\/\/coburg-geschichte.de\/index.php?rest_route=\/wp\/v2\/pages\/2\/revisions\/90"}],"wp:featuredmedia":[{"embeddable":true,"href":"http:\/\/coburg-geschichte.de\/index.php?rest_route=\/wp\/v2\/media\/63"}],"wp:attachment":[{"href":"http:\/\/coburg-geschichte.de\/index.php?rest_route=%2Fwp%2Fv2%2Fmedia&parent=2"}],"curies":[{"name":"wp","href":"https:\/\/api.w.org\/{rel}","templated":true}]}}